{"id":376,"date":"2021-05-05T20:27:48","date_gmt":"2021-05-05T18:27:48","guid":{"rendered":"https:\/\/www.pourtalesplage.resubio.com\/?post_type=product&#038;p=376"},"modified":"2021-06-04T12:32:06","modified_gmt":"2021-06-04T10:32:06","slug":"royal-plage-0606","status":"publish","type":"product","link":"https:\/\/www.pourtalesplage.resubio.com\/index.php\/produit\/royal-plage-0606\/","title":{"rendered":"Royal Plage"},"content":{"rendered":"<div class=\"bt_bb_wrapper\"><p>\u0152ufs brouill\u00e9s,<br \/>\nViennoiseries, pain, beurre, confiture,<br \/>\nFromage, jambon blanc, saumon fum\u00e9,<br \/>\nFruits de saison,<br \/>\nFromage blanc au coulis de fruits,<br \/>\nJus de fruit, fl\u00fbte de mimosa ou cr\u00e9mant,<br \/>\nth\u00e9 ou caf\u00e9 filtre (\u00e0 volont\u00e9)<\/p>\n<\/div>","protected":false},"excerpt":{"rendered":"<p>\u0152ufs brouill\u00e9s,<br \/>\nViennoiseries, pain, beurre, confiture,<br \/>\nFromage, jambon blanc, saumon fum\u00e9,<br \/>\nFruits de saison,<br \/>\nFromage blanc au coulis de fruits,<br \/>\nJus de fruit, fl\u00fbte de mimosa ou cr\u00e9mant,<br \/>\nth\u00e9 ou caf\u00e9 filtre (\u00e0 volont\u00e9)<\/p>\n","protected":false},"featured_media":302,"template":"","meta":[],"_links":{"self":[{"href":"https:\/\/www.pourtalesplage.resubio.com\/index.php\/wp-json\/wp\/v2\/product\/376"}],"collection":[{"href":"https:\/\/www.pourtalesplage.resubio.com\/index.php\/wp-json\/wp\/v2\/product"}],"about":[{"href":"https:\/\/www.pourtalesplage.resubio.com\/index.php\/wp-json\/wp\/v2\/types\/product"}],"wp:featuredmedia":[{"embeddable":true,"href":"https:\/\/www.pourtalesplage.resubio.com\/index.php\/wp-json\/wp\/v2\/media\/302"}],"wp:attachment":[{"href":"https:\/\/www.pourtalesplage.resubio.com\/index.php\/wp-json\/wp\/v2\/media?parent=376"}],"curies":[{"name":"wp","href":"https:\/\/api.w.org\/{rel}","templated":true}]}}